{"id":124,"date":"2020-08-02T17:49:51","date_gmt":"2020-08-02T15:49:51","guid":{"rendered":"http:\/\/katjazarm.com\/?page_id=124"},"modified":"2023-05-22T19:57:04","modified_gmt":"2023-05-22T17:57:04","slug":"ueber-mich-2","status":"publish","type":"page","link":"https:\/\/katjazarm.com\/?page_id=124","title":{"rendered":"\u00dcber mich"},"content":{"rendered":"<p>[et_pb_section fb_built=&#8220;1&#8243; _builder_version=&#8220;4.5.1&#8243; _module_preset=&#8220;default&#8220;][et_pb_row column_structure=&#8220;1_2,1_2&#8243; _builder_version=&#8220;4.5.1&#8243; _module_preset=&#8220;default&#8220;][et_pb_column type=&#8220;1_2&#8243; _builder_version=&#8220;4.5.1&#8243; _module_preset=&#8220;default&#8220;][et_pb_image src=&#8220;http:\/\/katjazarm.com\/wp-content\/uploads\/2020\/07\/DSC_8225KOPIE.jpg&#8220; title_text=&#8220;DSC_8225KOPIE&#8220; _builder_version=&#8220;4.5.1&#8243; _module_preset=&#8220;default&#8220; transform_rotate=&#8220;0deg|0deg|353deg&#8220; box_shadow_style=&#8220;preset2&#8243;][\/et_pb_image][\/et_pb_column][et_pb_column type=&#8220;1_2&#8243; _builder_version=&#8220;4.5.1&#8243; _module_preset=&#8220;default&#8220;][et_pb_blurb _builder_version=&#8220;4.5.5&#8243; _module_preset=&#8220;default&#8220;]<\/p>\n<p><strong>Willkommen\u00a0<\/strong><\/p>\n<p>Vielleicht denken Sie, wenn Sie hier landen, dass dies ein kurz gefasster Webauftritt ist. Da haben Sie recht. Diese Seite dient haupts\u00e4chlich dazu, \u00fcber die Termine meines monatlichen Schulungsangebotes einer Basisschulung f\u00fcr Menschen im Bereich der Unterst\u00fctzung im Alltag zu informieren.<\/p>\n<p>Derzeit verzichte ich auf einen gro\u00dfen und breiten Webauftritt, da Menschen, die mich und meine Angebote suchen, h\u00e4ufig auf anderem Weg zu mir finden.\u00a0<\/p>\n<p>Es kommt immer wieder vor, dass Kunden auf Grund meiner Bezeichnung &#8222;Beraterin und Dozentin im Gesundheitswesen&#8220; ganz eigene Ideen entwickeln, was ich f\u00fcr sie leisten kann. Das ist f\u00fcr mich spannend, inspirierend und eine gro\u00dfe Freude, Dadurch mache ich inzwischen Dinge, auf die ich selbst nicht gekommen w\u00e4re.<\/p>\n<p>Also trauen Sie sich, mich anzusprechen.<\/p>\n<p>Denn eines kann ich verraten, ich habe schon vieles getan, gesehen und erlebt. Dadurch habe ich ein breites Erfahrungswissen und eine gefestigte Pers\u00f6nlichkeit.<\/p>\n<p>Ich freue mich auf Ihre Nachricht.<\/p>\n<p>&nbsp;<\/p>\n<p>[\/et_pb_blurb][\/et_pb_column][\/et_pb_row][\/et_pb_section]<\/p>\n","protected":false},"excerpt":{"rendered":"<p>Willkommen\u00a0 Vielleicht denken Sie, wenn Sie hier landen, dass dies ein kurz gefasster Webauftritt ist. Da haben Sie recht. Diese Seite dient haupts\u00e4chlich dazu, \u00fcber die Termine meines monatlichen Schulungsangebotes einer Basisschulung f\u00fcr Menschen im Bereich der Unterst\u00fctzung im Alltag zu informieren. Derzeit verzichte ich auf einen gro\u00dfen und breiten Webauftritt, da Menschen, die mich [&hellip;]<\/p>\n","protected":false},"author":4,"featured_media":0,"parent":0,"menu_order":0,"comment_status":"closed","ping_status":"closed","template":"","meta":{"_et_pb_use_builder":"on","_et_pb_old_content":"","_et_gb_content_width":"","footnotes":""},"class_list":["post-124","page","type-page","status-publish","hentry"],"_links":{"self":[{"href":"https:\/\/katjazarm.com\/index.php?rest_route=\/wp\/v2\/pages\/124","targetHints":{"allow":["GET"]}}],"collection":[{"href":"https:\/\/katjazarm.com\/index.php?rest_route=\/wp\/v2\/pages"}],"about":[{"href":"https:\/\/katjazarm.com\/index.php?rest_route=\/wp\/v2\/types\/page"}],"author":[{"embeddable":true,"href":"https:\/\/katjazarm.com\/index.php?rest_route=\/wp\/v2\/users\/4"}],"replies":[{"embeddable":true,"href":"https:\/\/katjazarm.com\/index.php?rest_route=%2Fwp%2Fv2%2Fcomments&post=124"}],"version-history":[{"count":7,"href":"https:\/\/katjazarm.com\/index.php?rest_route=\/wp\/v2\/pages\/124\/revisions"}],"predecessor-version":[{"id":251,"href":"https:\/\/katjazarm.com\/index.php?rest_route=\/wp\/v2\/pages\/124\/revisions\/251"}],"wp:attachment":[{"href":"https:\/\/katjazarm.com\/index.php?rest_route=%2Fwp%2Fv2%2Fmedia&parent=124"}],"curies":[{"name":"wp","href":"https:\/\/api.w.org\/{rel}","templated":true}]}}