{"id":158,"date":"2020-08-03T10:31:26","date_gmt":"2020-08-03T08:31:26","guid":{"rendered":"http:\/\/katjazarm.com\/?page_id=158"},"modified":"2026-04-02T19:28:54","modified_gmt":"2026-04-02T17:28:54","slug":"angebot","status":"publish","type":"page","link":"https:\/\/katjazarm.com\/?page_id=158","title":{"rendered":"Angebot"},"content":{"rendered":"<p>[et_pb_section fb_built=&#8220;1&#8243; _builder_version=&#8220;4.16&#8243; _module_preset=&#8220;default&#8220; global_colors_info=&#8220;{}&#8220;][et_pb_row _builder_version=&#8220;4.16&#8243; _module_preset=&#8220;default&#8220; global_colors_info=&#8220;{}&#8220;][et_pb_column type=&#8220;4_4&#8243; _builder_version=&#8220;4.16&#8243; _module_preset=&#8220;default&#8220; global_colors_info=&#8220;{}&#8220;][et_pb_text _builder_version=&#8220;4.16&#8243; _module_preset=&#8220;default&#8220; custom_padding=&#8220;13px||0px|||&#8220; box_shadow_style=&#8220;preset1&#8243; box_shadow_horizontal=&#8220;4px&#8220; global_colors_info=&#8220;{}&#8220;]<\/p>\n<h2 style=\"text-align: center;\"><strong>Basisschulung<\/strong><\/h2>\n<h2 style=\"text-align: center;\">zur Anerkennung von Unterst\u00fctzungsangeboten im Alltag gem\u00e4\u00df \u00a7 45a SGB XI und der<\/h2>\n<h2 style=\"text-align: center;\">Unterst\u00fctzungsangebotelandesverordnung \u2013 UntAngLVO M-V<\/h2>\n<p>[\/et_pb_text][\/et_pb_column][\/et_pb_row][\/et_pb_section][et_pb_section fb_built=&#8220;1&#8243; _builder_version=&#8220;4.16&#8243; _module_preset=&#8220;default&#8220; custom_margin=&#8220;-100px|||||&#8220; custom_padding=&#8220;0px|||||&#8220; global_colors_info=&#8220;{}&#8220;][et_pb_row column_structure=&#8220;1_2,1_2&#8243; _builder_version=&#8220;4.16&#8243; _module_preset=&#8220;default&#8220; global_colors_info=&#8220;{}&#8220;][et_pb_column type=&#8220;1_2&#8243; _builder_version=&#8220;4.16&#8243; _module_preset=&#8220;default&#8220; global_colors_info=&#8220;{}&#8220;][et_pb_blurb title=&#8220;Termin&#8220; use_icon=&#8220;on&#8220; font_icon=&#8220;&#xe079;||divi||400&#8243; icon_placement=&#8220;left&#8220; _builder_version=&#8220;4.16&#8243; _module_preset=&#8220;default&#8220; custom_margin=&#8220;||45px|||&#8220; custom_padding=&#8220;32px|0px|32px||true|&#8220; box_shadow_style=&#8220;preset1&#8243; inline_fonts=&#8220;Allan&#8220; global_colors_info=&#8220;{}&#8220;]<\/p>\n<p>19.05.-21.052026\u00a0 jeweils von 08.30 \u2013 16.30 Uhr,<br \/>30 UE (Unterrichtseinheiten)<\/p>\n<p><b>Schulungsort: online<\/b><\/p>\n<p>&nbsp;<\/p>\n<p>&nbsp;<\/p>\n<p>[\/et_pb_blurb][et_pb_blurb title=&#8220;Dozentin&#8220; use_icon=&#8220;on&#8220; font_icon=&#8220;&#xe08b;||divi||400&#8243; icon_placement=&#8220;left&#8220; _builder_version=&#8220;4.16&#8243; _module_preset=&#8220;default&#8220; box_shadow_style=&#8220;preset1&#8243; box_shadow_horizontal=&#8220;2px&#8220; global_colors_info=&#8220;{}&#8220;]<\/p>\n<p>Katja Zarm (M.Sc.)<\/p>\n<p>[\/et_pb_blurb][et_pb_blurb title=&#8220;Abschlu\u00df&#8220; use_icon=&#8220;on&#8220; font_icon=&#8220;&#xe056;||divi||400&#8243; icon_placement=&#8220;left&#8220; _builder_version=&#8220;4.16&#8243; _module_preset=&#8220;default&#8220; box_shadow_style=&#8220;preset1&#8243; global_colors_info=&#8220;{}&#8220;]<\/p>\n<p>Zertifikat zur Anerkennung von Unterst\u00fctzungsangeboten im Alltag gem\u00e4\u00df \u00a7 45a SGB XI und<br \/>der Unterst\u00fctzungsangebotelandesverordnung \u2013 UntAngLVO M-V<\/p>\n<p>[\/et_pb_blurb][et_pb_blurb title=&#8220;Anmeldung und Kosten&#8220; use_icon=&#8220;on&#8220; font_icon=&#8220;&#xe083;||divi||400&#8243; icon_placement=&#8220;left&#8220; _builder_version=&#8220;4.16&#8243; _module_preset=&#8220;default&#8220; custom_padding=&#8220;||0px|||&#8220; box_shadow_style=&#8220;preset1&#8243; inline_fonts=&#8220;Almendra,Arya&#8220; global_colors_info=&#8220;{}&#8220;]<\/p>\n<p>Anmeldung bis zum<strong> 11.05.2026<\/strong><\/p>\n<p><strong>Kosten:<\/strong> 330 Euro pro Teilnehmer (inkl. Mwst. und Schulungsunterlagen)<\/p>\n<p><span color=\"#ce1c40\" style=\"color: #ce1c40;\">Mindestteilnehmerzahl: 6 Personen<\/span><\/p>\n<p>&nbsp;<\/p>\n<p>[\/et_pb_blurb][et_pb_blurb title=&#8220;Kotakt &#038; Anmeldung&#8220; use_icon=&#8220;on&#8220; font_icon=&#8220;&#xe076;||divi||400&#8243; _builder_version=&#8220;4.16&#8243; _module_preset=&#8220;default&#8220; header_text_align=&#8220;center&#8220; box_shadow_style=&#8220;preset1&#8243; global_colors_info=&#8220;{}&#8220;]<\/p>\n<p style=\"text-align: center;\">Katja Zarm<\/p>\n<p style=\"text-align: center;\">Telefonische Informationen:<br \/> 0381 80876515<br \/> 0176 93744004<br \/> Verbindliche Anmeldung<br \/> schriftlich per Mail:<br \/> katja@zarm.net<\/p>\n<p>[\/et_pb_blurb][\/et_pb_column][et_pb_column type=&#8220;1_2&#8243; _builder_version=&#8220;4.16&#8243; _module_preset=&#8220;default&#8220; global_colors_info=&#8220;{}&#8220;][et_pb_blurb title=&#8220;Schulungsinhalte&#8220; use_icon=&#8220;on&#8220; font_icon=&#8220;&#x69;||divi||400&#8243; icon_placement=&#8220;left&#8220; _builder_version=&#8220;4.16&#8243; _module_preset=&#8220;default&#8220; header_text_align=&#8220;left&#8220; header_text_color=&#8220;#3f3f3f&#8220; header_font_size=&#8220;18px&#8220; body_font_size=&#8220;15px&#8220; custom_padding=&#8220;||99px|||&#8220; box_shadow_style=&#8220;preset1&#8243; global_colors_info=&#8220;{}&#8220;]<\/p>\n<p>Modul 1<br \/> Unterst\u00fctzungsangebote im Alltag<br \/> Rahmenbedingungen, rechtliche Grundlagen, Schweigepflicht, Datenschutz<\/p>\n<p>Modul 2<br \/> Basiswissen zu k\u00f6rperlichen und psychischen Erkrankungen<br \/> des Alters<br \/> Ursachen Symptome, Diagnostik, Therapie, Verhalten im Notfall<\/p>\n<p>Modul 3<br \/> Kommunikation und Gespr\u00e4chsf\u00fchrung<br \/> Umgangsm\u00f6glichkeiten mit pflegebed\u00fcrftigen Menschen und Angeh\u00f6rigen<br \/> Einf\u00fchlen in die Erlebniswelt und Umgang mit Verhaltensauff\u00e4lligkeiten wie<br \/> Aggressionen und Widerst\u00e4nden<\/p>\n<p>Modul 4<br \/> Erkennen der Lebenssituation sowie des Hilfe- und Unterst\u00fctzungsbedarfes<br \/> Alltagswirklichkeit, Belastungen, soziales Umfeld<\/p>\n<p>Modul 5<br \/> Pflege- und Krankenversicherungsgesetz<br \/> Leistungsanspr\u00fcche, Abrechnungsmodalit\u00e4ten, Schwerbehindertenausweis<\/p>\n<p>Modul 6<br \/> Methoden und M\u00f6glichkeiten der Betreuung und Besch\u00e4ftigung<br \/> z.B. Biografiearbeit, Spielen, Lesen, Vorlesen, Musik, Bewegung und Stille<\/p>\n<p>Modul 7<br \/> Methoden des Selbstmanagement, der Selbstf\u00fcrsorge und Zusammenarbeit mit anderen Professionen<br \/> z.B. Motivation, eigene Ressourcen, Reflexion der eigenen Arbeit, Umgang<br \/> mit Erwartungen, Zusammenarbeit mit Mitarbeitenden am<\/p>\n<p>Modul 8<br \/> Hauswirtschaftliche Basiskenntnisse<\/p>\n<p>[\/et_pb_blurb][\/et_pb_column][\/et_pb_row][\/et_pb_section]<\/p>\n","protected":false},"excerpt":{"rendered":"<p>Basisschulung zur Anerkennung von Unterst\u00fctzungsangeboten im Alltag gem\u00e4\u00df \u00a7 45a SGB XI und der Unterst\u00fctzungsangebotelandesverordnung \u2013 UntAngLVO M-V19.05.-21.052026\u00a0 jeweils von 08.30 \u2013 16.30 Uhr,30 UE (Unterrichtseinheiten) Schulungsort: online &nbsp; &nbsp;Katja Zarm (M.Sc.)Zertifikat zur Anerkennung von Unterst\u00fctzungsangeboten im Alltag gem\u00e4\u00df \u00a7 45a SGB XI undder Unterst\u00fctzungsangebotelandesverordnung \u2013 UntAngLVO M-VAnmeldung bis zum 11.05.2026 Kosten: 330 Euro pro [&hellip;]<\/p>\n","protected":false},"author":4,"featured_media":0,"parent":0,"menu_order":0,"comment_status":"closed","ping_status":"closed","template":"","meta":{"_et_pb_use_builder":"on","_et_pb_old_content":"","_et_gb_content_width":"","footnotes":""},"class_list":["post-158","page","type-page","status-publish","hentry"],"_links":{"self":[{"href":"https:\/\/katjazarm.com\/index.php?rest_route=\/wp\/v2\/pages\/158","targetHints":{"allow":["GET"]}}],"collection":[{"href":"https:\/\/katjazarm.com\/index.php?rest_route=\/wp\/v2\/pages"}],"about":[{"href":"https:\/\/katjazarm.com\/index.php?rest_route=\/wp\/v2\/types\/page"}],"author":[{"embeddable":true,"href":"https:\/\/katjazarm.com\/index.php?rest_route=\/wp\/v2\/users\/4"}],"replies":[{"embeddable":true,"href":"https:\/\/katjazarm.com\/index.php?rest_route=%2Fwp%2Fv2%2Fcomments&post=158"}],"version-history":[{"count":41,"href":"https:\/\/katjazarm.com\/index.php?rest_route=\/wp\/v2\/pages\/158\/revisions"}],"predecessor-version":[{"id":294,"href":"https:\/\/katjazarm.com\/index.php?rest_route=\/wp\/v2\/pages\/158\/revisions\/294"}],"wp:attachment":[{"href":"https:\/\/katjazarm.com\/index.php?rest_route=%2Fwp%2Fv2%2Fmedia&parent=158"}],"curies":[{"name":"wp","href":"https:\/\/api.w.org\/{rel}","templated":true}]}}